{"id":17543,"date":"2019-09-27T13:31:09","date_gmt":"2019-09-27T13:31:09","guid":{"rendered":"http:\/\/autlines.templines.org\/auto\/?page_id=17543"},"modified":"2025-04-14T18:49:09","modified_gmt":"2025-04-14T18:49:09","slug":"contacts","status":"publish","type":"page","link":"https:\/\/aliosrent.ch\/en\/contacts\/","title":{"rendered":"Contact Us"},"content":{"rendered":"<div data-elementor-type=\"wp-page\" data-elementor-id=\"17543\" class=\"elementor elementor-17543\" data-elementor-settings=\"{&quot;ha_cmc_init_switcher&quot;:&quot;no&quot;}\" data-elementor-post-type=\"page\">\n\t\t\t\t\t\t<section class=\"elementor-section elementor-top-section elementor-element elementor-element-d41c247 elementor-section-boxed elementor-section-height-default elementor-section-height-default\" data-id=\"d41c247\" data-element_type=\"section\" data-settings=\"{&quot;_ha_eqh_enable&quot;:false}\">\n\t\t\t\t\t\t<div class=\"elementor-container elementor-column-gap-default\">\n\t\t\t\t\t<div class=\"elementor-column elementor-col-25 elementor-top-column elementor-element elementor-element-1271f5a\" data-id=\"1271f5a\" data-element_type=\"column\">\n\t\t\t<div class=\"elementor-widget-wrap elementor-element-populated\">\n\t\t\t\t\t\t<div class=\"elementor-element elementor-element-b24e525 elementor-widget elementor-widget-custom_contact_icon_box\" data-id=\"b24e525\" data-element_type=\"widget\" data-widget_type=\"custom_contact_icon_box.default\">\n\t\t\t\t<div class=\"elementor-widget-container\">\n\t\t\t\t\t            <div class=\"fl-vc-contact-icon-box\">\n                <div class=\"contact-icon-box-container secondary-icon-box-style\">\n                    <div class=\"top-content\">\n                        <svg class=\"e-font-icon-svg e-fas-map-marker-alt\" viewbox=\"0 0 384 512\" xmlns=\"http:\/\/www.w3.org\/2000\/svg\"><path d=\"M172.268 501.67C26.97 291.031 0 269.413 0 192 0 85.961 85.961 0 192 0s192 85.961 192 192c0 77.413-26.97 99.031-172.268 309.67-9.535 13.774-29.93 13.773-39.464 0zM192 272c44.183 0 80-35.817 80-80s-35.817-80-80-80-80 35.817-80 80 35.817 80 80 80z\"><\/path><\/svg>                    <\/div>\n                    <div class=\"bottom-content\">\n                                                    <h5 class=\"icon-title-content\">Office<\/h5>\n                                                                            <div class=\"icon-bottom-content\">\nAv. De Montchoisi 39, 1006 Lausanne\n<\/div>\n                                            <\/div>\n                <\/div>\n            <\/div>\n        \t\t\t\t<\/div>\n\t\t\t\t<\/div>\n\t\t\t\t\t<\/div>\n\t\t<\/div>\n\t\t\t\t<div class=\"elementor-column elementor-col-25 elementor-top-column elementor-element elementor-element-13ed548\" data-id=\"13ed548\" data-element_type=\"column\">\n\t\t\t<div class=\"elementor-widget-wrap elementor-element-populated\">\n\t\t\t\t\t\t<div class=\"elementor-element elementor-element-208806c elementor-widget elementor-widget-custom_contact_icon_box\" data-id=\"208806c\" data-element_type=\"widget\" data-widget_type=\"custom_contact_icon_box.default\">\n\t\t\t\t<div class=\"elementor-widget-container\">\n\t\t\t\t\t            <div class=\"fl-vc-contact-icon-box\">\n                <div class=\"contact-icon-box-container primary-icon-box-style\">\n                    <div class=\"top-content\">\n                        <svg class=\"e-font-icon-svg e-fas-phone-alt\" viewbox=\"0 0 512 512\" xmlns=\"http:\/\/www.w3.org\/2000\/svg\"><path d=\"M497.39 361.8l-112-48a24 24 0 0 0-28 6.9l-49.6 60.6A370.66 370.66 0 0 1 130.6 204.11l60.6-49.6a23.94 23.94 0 0 0 6.9-28l-48-112A24.16 24.16 0 0 0 122.6.61l-104 24A24 24 0 0 0 0 48c0 256.5 207.9 464 464 464a24 24 0 0 0 23.4-18.6l24-104a24.29 24.29 0 0 0-14.01-27.6z\"><\/path><\/svg>                    <\/div>\n                    <div class=\"bottom-content\">\n                                                    <h5 class=\"icon-title-content\">Phone<\/h5>\n                                                                            <div class=\"icon-bottom-content\">\n<a href=\"https:\/\/www.google.com\/search?q=alios+rent&amp;rlz=1C1UEAD_enCA1100CA1100&amp;oq=alios+rent&amp;gs_lcrp=EgZjaHJvbWUqBggAEEUYOzIGCAAQRRg7MggIARBFGCcYOzIGCAIQRRg7MggIAxAAGBYYHjIKCAQQABiABBiiBDIGCAUQRRg8MgYIBhBFGDwyBggHEEUYPNIBCDE1MTVqMWo3qAIAsAIA&amp;sourceid=chrome&amp;ie=UTF-8#\" data-dtype=\"d3ph\" data-local-attribute=\"d3ph\" data-ved=\"2ahUKEwjA8ebW8teMAxVxjYkEHTD_ByAQkAgoAHoECFAQAw\"><span aria-label=\"Call Phone Number +41 21 601 05 05\">+41 21 601 05 05<\/span><\/a>\n<\/div>\n                                            <\/div>\n                <\/div>\n            <\/div>\n        \t\t\t\t<\/div>\n\t\t\t\t<\/div>\n\t\t\t\t\t<\/div>\n\t\t<\/div>\n\t\t\t\t<div class=\"elementor-column elementor-col-25 elementor-top-column elementor-element elementor-element-ee65108\" data-id=\"ee65108\" data-element_type=\"column\">\n\t\t\t<div class=\"elementor-widget-wrap elementor-element-populated\">\n\t\t\t\t\t\t<div class=\"elementor-element elementor-element-dcdf4a8 elementor-widget elementor-widget-custom_contact_icon_box\" data-id=\"dcdf4a8\" data-element_type=\"widget\" data-widget_type=\"custom_contact_icon_box.default\">\n\t\t\t\t<div class=\"elementor-widget-container\">\n\t\t\t\t\t            <div class=\"fl-vc-contact-icon-box\">\n                <div class=\"contact-icon-box-container secondary-icon-box-style\">\n                    <div class=\"top-content\">\n                        <svg class=\"e-font-icon-svg e-fas-envelope\" viewbox=\"0 0 512 512\" xmlns=\"http:\/\/www.w3.org\/2000\/svg\"><path d=\"M502.3 190.8c3.9-3.1 9.7-.2 9.7 4.7V400c0 26.5-21.5 48-48 48H48c-26.5 0-48-21.5-48-48V195.6c0-5 5.7-7.8 9.7-4.7 22.4 17.4 52.1 39.5 154.1 113.6 21.1 15.4 56.7 47.8 92.2 47.6 35.7.3 72-32.8 92.3-47.6 102-74.1 131.6-96.3 154-113.7zM256 320c23.2.4 56.6-29.2 73.4-41.4 132.7-96.3 142.8-104.7 173.4-128.7 5.8-4.5 9.2-11.5 9.2-18.9v-19c0-26.5-21.5-48-48-48H48C21.5 64 0 85.5 0 112v19c0 7.4 3.4 14.3 9.2 18.9 30.6 23.9 40.7 32.4 173.4 128.7 16.8 12.2 50.2 41.8 73.4 41.4z\"><\/path><\/svg>                    <\/div>\n                    <div class=\"bottom-content\">\n                                                    <h5 class=\"icon-title-content\">Email<\/h5>\n                                                                            <div class=\"icon-bottom-content\">\n<a href=\"\/en\/info@aliosrent.ch\/\">info@aliosrent.ch<\/a>\n<\/div>\n                                            <\/div>\n                <\/div>\n            <\/div>\n        \t\t\t\t<\/div>\n\t\t\t\t<\/div>\n\t\t\t\t\t<\/div>\n\t\t<\/div>\n\t\t\t\t<div class=\"elementor-column elementor-col-25 elementor-top-column elementor-element elementor-element-7278a9b\" data-id=\"7278a9b\" data-element_type=\"column\">\n\t\t\t<div class=\"elementor-widget-wrap elementor-element-populated\">\n\t\t\t\t\t\t<div class=\"elementor-element elementor-element-e58a077 elementor-widget elementor-widget-custom_contact_icon_box\" data-id=\"e58a077\" data-element_type=\"widget\" data-widget_type=\"custom_contact_icon_box.default\">\n\t\t\t\t<div class=\"elementor-widget-container\">\n\t\t\t\t\t            <div class=\"fl-vc-contact-icon-box\">\n                <div class=\"contact-icon-box-container primary-icon-box-style\">\n                    <div class=\"top-content\">\n                        <svg class=\"e-font-icon-svg e-fas-car\" viewbox=\"0 0 512 512\" xmlns=\"http:\/\/www.w3.org\/2000\/svg\"><path d=\"M499.99 176h-59.87l-16.64-41.6C406.38 91.63 365.57 64 319.5 64h-127c-46.06 0-86.88 27.63-103.99 70.4L71.87 176H12.01C4.2 176-1.53 183.34.37 190.91l6 24C7.7 220.25 12.5 224 18.01 224h20.07C24.65 235.73 16 252.78 16 272v48c0 16.12 6.16 30.67 16 41.93V416c0 17.67 14.33 32 32 32h32c17.67 0 32-14.33 32-32v-32h256v32c0 17.67 14.33 32 32 32h32c17.67 0 32-14.33 32-32v-54.07c9.84-11.25 16-25.8 16-41.93v-48c0-19.22-8.65-36.27-22.07-48H494c5.51 0 10.31-3.75 11.64-9.09l6-24c1.89-7.57-3.84-14.91-11.65-14.91zm-352.06-17.83c7.29-18.22 24.94-30.17 44.57-30.17h127c19.63 0 37.28 11.95 44.57 30.17L384 208H128l19.93-49.83zM96 319.8c-19.2 0-32-12.76-32-31.9S76.8 256 96 256s48 28.71 48 47.85-28.8 15.95-48 15.95zm320 0c-19.2 0-48 3.19-48-15.95S396.8 256 416 256s32 12.76 32 31.9-12.8 31.9-32 31.9z\"><\/path><\/svg>                    <\/div>\n                    <div class=\"bottom-content\">\n                                                    <h5 class=\"icon-title-content\">Garage<\/h5>\n                                                                            <div class=\"icon-bottom-content\">\n<a href=\"mailto:garage@aliosrent.ch\">garage@aliosrent.ch<\/a>\n<\/div>\n                                            <\/div>\n                <\/div>\n            <\/div>\n        \t\t\t\t<\/div>\n\t\t\t\t<\/div>\n\t\t\t\t\t<\/div>\n\t\t<\/div>\n\t\t\t\t\t<\/div>\n\t\t<\/section>\n\t\t\t\t<section class=\"elementor-section elementor-top-section elementor-element elementor-element-6079fb6 elementor-section-boxed elementor-section-height-default elementor-section-height-default\" data-id=\"6079fb6\" data-element_type=\"section\" data-settings=\"{&quot;_ha_eqh_enable&quot;:false}\">\n\t\t\t\t\t\t<div class=\"elementor-container elementor-column-gap-default\">\n\t\t\t\t\t<div class=\"elementor-column elementor-col-50 elementor-top-column elementor-element elementor-element-7e9467f\" data-id=\"7e9467f\" data-element_type=\"column\">\n\t\t\t<div class=\"elementor-widget-wrap elementor-element-populated\">\n\t\t\t\t\t\t<div class=\"elementor-element elementor-element-79e9e9c elementor-widget elementor-widget-google_maps\" data-id=\"79e9e9c\" data-element_type=\"widget\" data-widget_type=\"google_maps.default\">\n\t\t\t\t<div class=\"elementor-widget-container\">\n\t\t\t\t\t\t\t<div class=\"elementor-custom-embed\">\n\t\t\t<iframe loading=\"lazy\"\n\t\t\t\t\tsrc=\"https:\/\/maps.google.com\/maps?q=Av.%20De%20Montchoisi%2039%2C%201006%20Lausanne&#038;t=m&#038;z=10&#038;output=embed&#038;iwloc=near\"\n\t\t\t\t\ttitle=\"Av. De Montchoisi 39, 1006 Lausanne\"\n\t\t\t\t\taria-label=\"Av. De Montchoisi 39, 1006 Lausanne\"\n\t\t\t><\/iframe>\n\t\t<\/div>\n\t\t\t\t\t\t<\/div>\n\t\t\t\t<\/div>\n\t\t\t\t\t<\/div>\n\t\t<\/div>\n\t\t\t\t<div class=\"elementor-column elementor-col-50 elementor-top-column elementor-element elementor-element-d364c79\" data-id=\"d364c79\" data-element_type=\"column\">\n\t\t\t<div class=\"elementor-widget-wrap elementor-element-populated\">\n\t\t\t\t\t\t<div class=\"elementor-element elementor-element-95b9aab elementor-widget elementor-widget-custom_title\" data-id=\"95b9aab\" data-element_type=\"widget\" data-widget_type=\"custom_title.default\">\n\t\t\t\t<div class=\"elementor-widget-container\">\n\t\t\t\t\t\n    <div class=\"fl-vc-custom-title-container\">\n                                    <h2 class=\"fl-title-text vc-default-title fl-font-style-bolt\">Send <span class=\"fl-primary-color\">A Message<\/span><\/h2>\n                        <\/div>\n\t\t\t\t<\/div>\n\t\t\t\t<\/div>\n\t\t\t\t<div class=\"elementor-element elementor-element-770b720 elementor-widget elementor-widget-text-editor\" data-id=\"770b720\" data-element_type=\"widget\" data-widget_type=\"text-editor.default\">\n\t\t\t\t<div class=\"elementor-widget-container\">\n\t\t\t\t\t\t\t\t\t<p><strong data-start=\"161\" data-end=\"213\">Do you have a question or need a vehicle?<\/strong><br data-start=\"213\" data-end=\"216\" \/>At the house of <strong data-start=\"221\" data-end=\"244\">Alios Rent Lausanne<\/strong>, our team is here to support you, whether for a one-off rental or an extended need.<br data-start=\"352\" data-end=\"355\" \/>\ud83d\udce9 <strong data-start=\"358\" data-end=\"389\">Write to us now<\/strong> and discover a new way to rent, simple, fast and worry-free.<\/p>\t\t\t\t\t\t\t\t<\/div>\n\t\t\t\t<\/div>\n\t\t\t\t<div class=\"elementor-element elementor-element-185fb3d elementor-widget elementor-widget-shortcode\" data-id=\"185fb3d\" data-element_type=\"widget\" data-widget_type=\"shortcode.default\">\n\t\t\t\t<div class=\"elementor-widget-container\">\n\t\t\t\t\t\t\t<div class=\"elementor-shortcode\">\n<div class=\"wpcf7 no-js\" id=\"wpcf7-f17546-o1\" lang=\"en-US\" dir=\"ltr\" data-wpcf7-id=\"17546\">\n<div class=\"screen-reader-response\"><p role=\"status\" aria-live=\"polite\" aria-atomic=\"true\"><\/p> <ul><\/ul><\/div>\n<form action=\"\/en\/wp-json\/wp\/v2\/pages\/17543#wpcf7-f17546-o1\" method=\"post\" class=\"wpcf7-form init\" aria-label=\"Contact form\" novalidate=\"novalidate\" data-status=\"init\" data-trp-original-action=\"\/en\/wp-json\/wp\/v2\/pages\/17543#wpcf7-f17546-o1\">\n<fieldset class=\"hidden-fields-container\"><input type=\"hidden\" name=\"_wpcf7\" value=\"17546\" \/><input type=\"hidden\" name=\"_wpcf7_version\" value=\"6.1.3\" \/><input type=\"hidden\" name=\"_wpcf7_locale\" value=\"en_US\" \/><input type=\"hidden\" name=\"_wpcf7_unit_tag\" value=\"wpcf7-f17546-o1\" \/><input type=\"hidden\" name=\"_wpcf7_container_post\" value=\"0\" \/><input type=\"hidden\" name=\"_wpcf7_posted_data_hash\" value=\"\" \/>\n<\/fieldset>\n<div class=\"fl-contact-form\">\n\t<div class=\"input-container\">\n\t\t<p><span class=\"wpcf7-form-control-wrap\" data-name=\"your-name\"><input size=\"40\" maxlength=\"400\" class=\"wpcf7-form-control wpcf7-text wpcf7-validates-as-required\" aria-required=\"true\" aria-invalid=\"false\" placeholder=\"Your Name\" value=\"\" type=\"text\" name=\"your-name\" \/><\/span>\n\t\t<\/p>\n\t<\/div>\n\t<div class=\"input-container\">\n\t\t<p><span class=\"wpcf7-form-control-wrap\" data-name=\"your-email\"><input size=\"40\" maxlength=\"400\" class=\"wpcf7-form-control wpcf7-email wpcf7-validates-as-required wpcf7-text wpcf7-validates-as-email\" aria-required=\"true\" aria-invalid=\"false\" placeholder=\"Email Address\" value=\"\" type=\"email\" name=\"your-email\" \/><\/span>\n\t\t<\/p>\n\t<\/div>\n\t<div class=\"textarea-container\">\n\t\t<p><span class=\"wpcf7-form-control-wrap\" data-name=\"your-message\"><textarea cols=\"40\" rows=\"10\" maxlength=\"2000\" class=\"wpcf7-form-control wpcf7-textarea\" aria-invalid=\"false\" placeholder=\"Message\" name=\"your-message\"><\/textarea><\/span>\n\t\t<\/p>\n\t<\/div>\n\t<div class=\"submit-btn-container\">\n\t\t<p><button type=\"submit\" class=\"fl-button primary-button submit-comment\">Send Message<\/button>\n\t\t<\/p>\n\t<\/div>\n<\/div><div class=\"wpcf7-response-output\" aria-hidden=\"true\"><\/div>\n<input type=\"hidden\" name=\"trp-form-language\" value=\"en\"\/><\/form>\n<\/div>\n<\/div>\n\t\t\t\t\t\t<\/div>\n\t\t\t\t<\/div>\n\t\t\t\t\t<\/div>\n\t\t<\/div>\n\t\t\t\t\t<\/div>\n\t\t<\/section>\n\t\t\t\t<\/div>","protected":false},"excerpt":{"rendered":"<p>Office Av. De Montchoisi 39, 1006 Lausanne Phone +41 21 601 05 05 Email info@aliosrent.ch Garage garage@aliosrent.ch Envoyer Un Message Vous avez une question ou besoin d\u2019un v\u00e9hicule ?Chez Alios Rent Lausanne, notre \u00e9quipe est l\u00e0 pour vous accompagner, que ce soit pour une location ponctuelle ou un besoin prolong\u00e9.\ud83d\udce9 \u00c9crivez-nous d\u00e8s maintenant et d\u00e9couvrez [&hellip;]<\/p>","protected":false},"author":1,"featured_media":0,"parent":0,"menu_order":0,"comment_status":"closed","ping_status":"closed","template":"","meta":{"_acf_changed":false,"nf_dc_page":"","om_disable_all_campaigns":false,"_monsterinsights_skip_tracking":false,"_monsterinsights_sitenote_active":false,"_monsterinsights_sitenote_note":"","_monsterinsights_sitenote_category":0,"footnotes":""},"class_list":["post-17543","page","type-page","status-publish","hentry"],"acf":[],"yoast_head":"<!-- This site is optimized with the Yoast SEO plugin v27.2 - https:\/\/yoast.com\/product\/yoast-seo-wordpress\/ -->\n<title>Contacts - Alios Location<\/title>\n<meta name=\"robots\" content=\"index, follow, max-snippet:-1, max-image-preview:large, max-video-preview:-1\" \/>\n<link rel=\"canonical\" href=\"https:\/\/aliosrent.ch\/en\/contacts\/\" \/>\n<meta property=\"og:locale\" content=\"en_US\" \/>\n<meta property=\"og:type\" content=\"article\" \/>\n<meta property=\"og:title\" content=\"Contacts - Alios Location\" \/>\n<meta property=\"og:description\" content=\"Office Av. De Montchoisi 39, 1006 Lausanne Phone +41 21 601 05 05 Email info@aliosrent.ch Garage garage@aliosrent.ch Envoyer Un Message Vous avez une question ou besoin d\u2019un v\u00e9hicule ?Chez Alios Rent Lausanne, notre \u00e9quipe est l\u00e0 pour vous accompagner, que ce soit pour une location ponctuelle ou un besoin prolong\u00e9.\ud83d\udce9 \u00c9crivez-nous d\u00e8s maintenant et d\u00e9couvrez [&hellip;]\" \/>\n<meta property=\"og:url\" content=\"https:\/\/aliosrent.ch\/en\/contacts\/\" \/>\n<meta property=\"og:site_name\" content=\"Alios Location\" \/>\n<meta property=\"article:publisher\" content=\"https:\/\/www.facebook.com\/alioslocation\" \/>\n<meta property=\"article:modified_time\" content=\"2025-04-14T18:49:09+00:00\" \/>\n<meta name=\"twitter:card\" content=\"summary_large_image\" \/>\n<meta name=\"twitter:label1\" content=\"Est. reading time\" \/>\n\t<meta name=\"twitter:data1\" content=\"1 minute\" \/>\n<script type=\"application\/ld+json\" class=\"yoast-schema-graph\">{\"@context\":\"https:\/\/schema.org\",\"@graph\":[{\"@type\":\"WebPage\",\"@id\":\"https:\/\/aliosrent.ch\/contacts\/\",\"url\":\"https:\/\/aliosrent.ch\/contacts\/\",\"name\":\"Contacts - Alios Location\",\"isPartOf\":{\"@id\":\"https:\/\/aliosrent.ch\/#website\"},\"datePublished\":\"2019-09-27T13:31:09+00:00\",\"dateModified\":\"2025-04-14T18:49:09+00:00\",\"breadcrumb\":{\"@id\":\"https:\/\/aliosrent.ch\/contacts\/#breadcrumb\"},\"inLanguage\":\"en-US\",\"potentialAction\":[{\"@type\":\"ReadAction\",\"target\":[\"https:\/\/aliosrent.ch\/contacts\/\"]}]},{\"@type\":\"BreadcrumbList\",\"@id\":\"https:\/\/aliosrent.ch\/contacts\/#breadcrumb\",\"itemListElement\":[{\"@type\":\"ListItem\",\"position\":1,\"name\":\"Home\",\"item\":\"https:\/\/aliosrent.ch\/\"},{\"@type\":\"ListItem\",\"position\":2,\"name\":\"Contacts\"}]},{\"@type\":\"WebSite\",\"@id\":\"https:\/\/aliosrent.ch\/#website\",\"url\":\"https:\/\/aliosrent.ch\/\",\"name\":\"Alios Location De Voitures Lausanne\",\"description\":\"Lausanne \u00e0 port\u00e9e de volant\",\"publisher\":{\"@id\":\"https:\/\/aliosrent.ch\/#organization\"},\"potentialAction\":[{\"@type\":\"SearchAction\",\"target\":{\"@type\":\"EntryPoint\",\"urlTemplate\":\"https:\/\/aliosrent.ch\/?s={search_term_string}\"},\"query-input\":{\"@type\":\"PropertyValueSpecification\",\"valueRequired\":true,\"valueName\":\"search_term_string\"}}],\"inLanguage\":\"en-US\"},{\"@type\":\"Organization\",\"@id\":\"https:\/\/aliosrent.ch\/#organization\",\"name\":\"Alios Location De Voitures Lausanne\",\"url\":\"https:\/\/aliosrent.ch\/\",\"logo\":{\"@type\":\"ImageObject\",\"inLanguage\":\"en-US\",\"@id\":\"https:\/\/aliosrent.ch\/#\/schema\/logo\/image\/\",\"url\":\"https:\/\/aliosrent.ch\/wp-content\/uploads\/2025\/04\/LogoAliosResized.png\",\"contentUrl\":\"https:\/\/aliosrent.ch\/wp-content\/uploads\/2025\/04\/LogoAliosResized.png\",\"width\":400,\"height\":200,\"caption\":\"Alios Location De Voitures Lausanne\"},\"image\":{\"@id\":\"https:\/\/aliosrent.ch\/#\/schema\/logo\/image\/\"},\"sameAs\":[\"https:\/\/www.facebook.com\/alioslocation\",\"https:\/\/www.instagram.com\/alios_locations_sarl\"]}]}<\/script>\n<!-- \/ Yoast SEO plugin. -->","yoast_head_json":{"title":"Contacts - Alios Location","robots":{"index":"index","follow":"follow","max-snippet":"max-snippet:-1","max-image-preview":"max-image-preview:large","max-video-preview":"max-video-preview:-1"},"canonical":"https:\/\/aliosrent.ch\/en\/contacts\/","og_locale":"en_US","og_type":"article","og_title":"Contacts - Alios Location","og_description":"Office Av. De Montchoisi 39, 1006 Lausanne Phone +41 21 601 05 05 Email info@aliosrent.ch Garage garage@aliosrent.ch Envoyer Un Message Vous avez une question ou besoin d\u2019un v\u00e9hicule ?Chez Alios Rent Lausanne, notre \u00e9quipe est l\u00e0 pour vous accompagner, que ce soit pour une location ponctuelle ou un besoin prolong\u00e9.\ud83d\udce9 \u00c9crivez-nous d\u00e8s maintenant et d\u00e9couvrez [&hellip;]","og_url":"https:\/\/aliosrent.ch\/en\/contacts\/","og_site_name":"Alios Location","article_publisher":"https:\/\/www.facebook.com\/alioslocation","article_modified_time":"2025-04-14T18:49:09+00:00","twitter_card":"summary_large_image","twitter_misc":{"Est. reading time":"1 minute"},"schema":{"@context":"https:\/\/schema.org","@graph":[{"@type":"WebPage","@id":"https:\/\/aliosrent.ch\/contacts\/","url":"https:\/\/aliosrent.ch\/contacts\/","name":"Contacts - Alios Location","isPartOf":{"@id":"https:\/\/aliosrent.ch\/#website"},"datePublished":"2019-09-27T13:31:09+00:00","dateModified":"2025-04-14T18:49:09+00:00","breadcrumb":{"@id":"https:\/\/aliosrent.ch\/contacts\/#breadcrumb"},"inLanguage":"en-US","potentialAction":[{"@type":"ReadAction","target":["https:\/\/aliosrent.ch\/contacts\/"]}]},{"@type":"BreadcrumbList","@id":"https:\/\/aliosrent.ch\/contacts\/#breadcrumb","itemListElement":[{"@type":"ListItem","position":1,"name":"Home","item":"https:\/\/aliosrent.ch\/"},{"@type":"ListItem","position":2,"name":"Contacts"}]},{"@type":"WebSite","@id":"https:\/\/aliosrent.ch\/#website","url":"https:\/\/aliosrent.ch\/","name":"Alios Location De Voitures Lausanne","description":"Lausanne \u00e0 port\u00e9e de volant","publisher":{"@id":"https:\/\/aliosrent.ch\/#organization"},"potentialAction":[{"@type":"SearchAction","target":{"@type":"EntryPoint","urlTemplate":"https:\/\/aliosrent.ch\/?s={search_term_string}"},"query-input":{"@type":"PropertyValueSpecification","valueRequired":true,"valueName":"search_term_string"}}],"inLanguage":"en-US"},{"@type":"Organization","@id":"https:\/\/aliosrent.ch\/#organization","name":"Alios Location De Voitures Lausanne","url":"https:\/\/aliosrent.ch\/","logo":{"@type":"ImageObject","inLanguage":"en-US","@id":"https:\/\/aliosrent.ch\/#\/schema\/logo\/image\/","url":"https:\/\/aliosrent.ch\/wp-content\/uploads\/2025\/04\/LogoAliosResized.png","contentUrl":"https:\/\/aliosrent.ch\/wp-content\/uploads\/2025\/04\/LogoAliosResized.png","width":400,"height":200,"caption":"Alios Location De Voitures Lausanne"},"image":{"@id":"https:\/\/aliosrent.ch\/#\/schema\/logo\/image\/"},"sameAs":["https:\/\/www.facebook.com\/alioslocation","https:\/\/www.instagram.com\/alios_locations_sarl"]}]}},"jetpack_sharing_enabled":true,"_links":{"self":[{"href":"https:\/\/aliosrent.ch\/en\/wp-json\/wp\/v2\/pages\/17543","targetHints":{"allow":["GET"]}}],"collection":[{"href":"https:\/\/aliosrent.ch\/en\/wp-json\/wp\/v2\/pages"}],"about":[{"href":"https:\/\/aliosrent.ch\/en\/wp-json\/wp\/v2\/types\/page"}],"author":[{"embeddable":true,"href":"https:\/\/aliosrent.ch\/en\/wp-json\/wp\/v2\/users\/1"}],"replies":[{"embeddable":true,"href":"https:\/\/aliosrent.ch\/en\/wp-json\/wp\/v2\/comments?post=17543"}],"version-history":[{"count":5,"href":"https:\/\/aliosrent.ch\/en\/wp-json\/wp\/v2\/pages\/17543\/revisions"}],"predecessor-version":[{"id":22683,"href":"https:\/\/aliosrent.ch\/en\/wp-json\/wp\/v2\/pages\/17543\/revisions\/22683"}],"wp:attachment":[{"href":"https:\/\/aliosrent.ch\/en\/wp-json\/wp\/v2\/media?parent=17543"}],"curies":[{"name":"wp","href":"https:\/\/api.w.org\/{rel}","templated":true}]}}